{"id":88,"date":"2022-03-09T22:44:40","date_gmt":"2022-03-09T22:44:40","guid":{"rendered":"http:\/\/fsdrwp.htu.tuwien.ac.at\/wordpress\/?page_id=88"},"modified":"2023-05-07T10:00:07","modified_gmt":"2023-05-07T10:00:07","slug":"official-statements-and-reports","status":"publish","type":"page","link":"https:\/\/fsdr.at\/index.php\/official-statements-and-reports\/","title":{"rendered":"Official Statements and Reports"},"content":{"rendered":"\n<h3 class=\"wp-block-heading\">Official Statements<\/h3>\n\n\n\n<p><a href=\"\/wp-content\/uploads\/2022\/03\/2021_UG_Novelle.pdf\" target=\"_blank\" rel=\"noreferrer noopener\">2021: Stellungnahme der Hochsch\u00fclerinnen- und Hochsch\u00fclerschaft an der Technischen Universit\u00e4t Wien Studienvertretung Doktorat zur \u201cNovellierung\u201d zum Bundesgesetz, mit dem das Universit\u00e4tsgesetz 2002, das Hochschul-Qualit\u00e4tssicherungsgesetz und das Hochschulgesetz 2005 ge\u00e4ndert werden soll<\/a><\/p>\n\n\n\n<p><a rel=\"noreferrer noopener\" href=\"\/wp-content\/uploads\/2022\/03\/2015_Fragebogen_P64_Studienvertretung_Doktorat_TU_Wien.pdf\" target=\"_blank\">2015: Answers to the questionnaire concerning the evaluation of the admission requirements according to \u00a7 64 of the Universities Act 2002 (only in German)<\/a><\/p>\n\n\n\n<p><a href=\"https:\/\/fsdr.at\/wp-content\/uploads\/2022\/10\/2013_Stuko_Doktorat_Stellungnahme-zum-Entwurf-einer-Verordnung-uber-die-Zulassung-zum-Doktoratsstudium-fur-Absolventinnen-und-Absolventen-von-Fachhochschul-Masterstudiengangen.pdf\">2013: Stellungnahme der Studienkommission f\u00fcr Doktoratsstudien zum Entwurf einer Verordnung \u00fcber die Zulassung zum Doktoratsstudium f\u00fcr Absolventinnen und Absolventen von Fachhochschul-Masterstudieng\u00e4ngen<\/a><\/p>\n\n\n\n<p><a href=\"https:\/\/fsdr.at\/wp-content\/uploads\/2022\/10\/2013_Stuko_Doktorat_Stellungnahme-zum-Entwurf-eines-Bundesgesetzes-mit-dem-das-Bundesgesetz-uber-die-Universitat-fur-Weiterbildung-Krems-geandert-wird.pdf\">2013: Stellungnahme der Studienkommission f\u00fcr Doktoratsstudien zum Entwurf eines Bundesgesetzes, mit dem das Bundesgesetz \u00fcber die Universit\u00e4t f\u00fcr Weiterbildung Krems ge\u00e4ndert wird<\/a><\/p>\n\n\n\n<p><a href=\"\/wp-content\/uploads\/2022\/03\/2013_stellungnahme_duk_HTU_Wien.pdf\">2013: Stellungnahme der Hochsch\u00fclerinnen- und Hochsch\u00fclerschaft an der TU Wien zum Entwurf eines Bundesgesetzes, mit dem das Bundesgesetz \u00fcber die Universit\u00e4t f\u00fcr Weiterbildung Krems ge\u00e4ndert wird<\/a><\/p>\n\n\n\n<h3 class=\"wp-block-heading\">Activity Reports<\/h3>\n\n\n\n<p><a href=\"https:\/\/htu.at\/wer-sind-wir\/t%C3%A4tigkeitsberichte\">You can find our activity reports and those of other organs of the HTU on their respective page.<\/a><\/p>\n","protected":false},"excerpt":{"rendered":"<p>Official Statements 2021: Stellungnahme der Hochsch\u00fclerinnen- und Hochsch\u00fclerschaft an der Technischen Universit\u00e4t Wien Studienvertretung Doktorat zur \u201cNovellierung\u201d zum Bundesgesetz, mit dem das Universit\u00e4tsgesetz 2002, das&hellip;<\/p>\n","protected":false},"author":2,"featured_media":0,"parent":0,"menu_order":0,"comment_status":"closed","ping_status":"closed","template":"","meta":{"footnotes":""},"class_list":["post-88","page","type-page","status-publish","hentry"],"_links":{"self":[{"href":"https:\/\/fsdr.at\/index.php\/wp-json\/wp\/v2\/pages\/88","targetHints":{"allow":["GET"]}}],"collection":[{"href":"https:\/\/fsdr.at\/index.php\/wp-json\/wp\/v2\/pages"}],"about":[{"href":"https:\/\/fsdr.at\/index.php\/wp-json\/wp\/v2\/types\/page"}],"author":[{"embeddable":true,"href":"https:\/\/fsdr.at\/index.php\/wp-json\/wp\/v2\/users\/2"}],"replies":[{"embeddable":true,"href":"https:\/\/fsdr.at\/index.php\/wp-json\/wp\/v2\/comments?post=88"}],"version-history":[{"count":11,"href":"https:\/\/fsdr.at\/index.php\/wp-json\/wp\/v2\/pages\/88\/revisions"}],"predecessor-version":[{"id":1001,"href":"https:\/\/fsdr.at\/index.php\/wp-json\/wp\/v2\/pages\/88\/revisions\/1001"}],"wp:attachment":[{"href":"https:\/\/fsdr.at\/index.php\/wp-json\/wp\/v2\/media?parent=88"}],"curies":[{"name":"wp","href":"https:\/\/api.w.org\/{rel}","templated":true}]}}